{"id":913,"date":"2021-05-25T10:05:52","date_gmt":"2021-05-25T08:05:52","guid":{"rendered":"https:\/\/beta.maison-alaena.com\/space\/tea-room\/"},"modified":"2025-07-01T15:08:20","modified_gmt":"2025-07-01T13:08:20","slug":"tea-room","status":"publish","type":"page","link":"https:\/\/www.maison-alaena.com\/en\/tea-room\/","title":{"rendered":"Tea room"},"content":{"rendered":"<p>[vc_row css_animation=&#8221;fadeIn&#8221; css=&#8221;.vc_custom_1614691926239{margin-top: 60px !important;padding-top: 60px !important;padding-bottom: 60px !important;}&#8221;][vc_column][vc_column_text]<\/p>\n<h1 style=\"text-align: center;\">A sweet pause after your treatment<\/h1>\n<p>[\/vc_column_text][vc_column_text]<\/p>\n<p style=\"text-align: center;\">Enjoy a cozy break and a tea time after your treatment in minimalist, Japanese-style architecture.<\/p>\n<p>[\/vc_column_text][\/vc_column][\/vc_row][vc_row full_width=&#8221;stretch_row_content&#8221; css_animation=&#8221;fadeIn&#8221; css=&#8221;.vc_custom_1614691955507{padding-top: 60px !important;padding-bottom: 60px !important;}&#8221;][vc_column][vc_single_image image=&#8221;2256&#8243; img_size=&#8221;large&#8221; alignment=&#8221;center&#8221;][\/vc_column][\/vc_row]<\/p>\n","protected":false},"excerpt":{"rendered":"<p>[vc_row css_animation=&#8221;fadeIn&#8221; css=&#8221;.vc_custom_1614691926239{margin-top: 60px !important;padding-top: 60px !important;padding-bottom: 60px !important;}&#8221;][vc_column][vc_column_text] A sweet pause after your treatment [\/vc_column_text][vc_column_text] Enjoy a cozy break and a tea time after your treatment in minimalist, Japanese-style [&hellip;]<\/p>\n","protected":false},"author":1,"featured_media":0,"parent":0,"menu_order":0,"comment_status":"closed","ping_status":"closed","template":"","meta":{"footnotes":""},"class_list":["post-913","page","type-page","status-publish","hentry"],"yoast_head":"<!-- This site is optimized with the Yoast SEO plugin v19.1 - https:\/\/yoast.com\/wordpress\/plugins\/seo\/ -->\n<title>Maison Alaena | Salon de th\u00e9 \u00e0 Paris | Bio &amp; Sain<\/title>\n<meta name=\"description\" content=\"Un salon de th\u00e9 sur un rooftop ensoleill\u00e9. Une cuisine bio, saine et gourmande. Id\u00e9al pour un gouter \u00e0 Paris. Caf\u00e9, patisserie, plats sal\u00e9s, latte ou jus aux supers aliments.\" \/>\n<meta name=\"robots\" content=\"index, follow, max-snippet:-1, max-image-preview:large, max-video-preview:-1\" \/>\n<link rel=\"canonical\" href=\"https:\/\/www.maison-alaena.com\/en\/tea-room\/\" \/>\n<meta property=\"og:locale\" content=\"en_US\" \/>\n<meta property=\"og:type\" content=\"article\" \/>\n<meta property=\"og:title\" content=\"Maison Alaena | Salon de th\u00e9 \u00e0 Paris | Bio &amp; Sain\" \/>\n<meta property=\"og:description\" content=\"Un salon de th\u00e9 sur un rooftop ensoleill\u00e9. Une cuisine bio, saine et gourmande. Id\u00e9al pour un gouter \u00e0 Paris. Caf\u00e9, patisserie, plats sal\u00e9s, latte ou jus aux supers aliments.\" \/>\n<meta property=\"og:url\" content=\"https:\/\/www.maison-alaena.com\/en\/tea-room\/\" \/>\n<meta property=\"og:site_name\" content=\"Spa Alaena Paris\" \/>\n<meta property=\"article:modified_time\" content=\"2025-07-01T13:08:20+00:00\" \/>\n<meta name=\"twitter:card\" content=\"summary_large_image\" \/>\n<script type=\"application\/ld+json\" class=\"yoast-schema-graph\">{\"@context\":\"https:\/\/schema.org\",\"@graph\":[{\"@type\":\"WebSite\",\"@id\":\"https:\/\/www.maison-alaena.com\/en\/#website\",\"url\":\"https:\/\/www.maison-alaena.com\/en\/\",\"name\":\"Spa Alaena Paris\",\"description\":\"\",\"potentialAction\":[{\"@type\":\"SearchAction\",\"target\":{\"@type\":\"EntryPoint\",\"urlTemplate\":\"https:\/\/www.maison-alaena.com\/en\/?s={search_term_string}\"},\"query-input\":\"required name=search_term_string\"}],\"inLanguage\":\"en-US\"},{\"@type\":\"WebPage\",\"@id\":\"https:\/\/www.maison-alaena.com\/en\/tea-room\/#webpage\",\"url\":\"https:\/\/www.maison-alaena.com\/en\/tea-room\/\",\"name\":\"Maison Alaena | Salon de th\u00e9 \u00e0 Paris | Bio & Sain\",\"isPartOf\":{\"@id\":\"https:\/\/www.maison-alaena.com\/en\/#website\"},\"datePublished\":\"2021-05-25T08:05:52+00:00\",\"dateModified\":\"2025-07-01T13:08:20+00:00\",\"description\":\"Un salon de th\u00e9 sur un rooftop ensoleill\u00e9. Une cuisine bio, saine et gourmande. Id\u00e9al pour un gouter \u00e0 Paris. Caf\u00e9, patisserie, plats sal\u00e9s, latte ou jus aux supers aliments.\",\"breadcrumb\":{\"@id\":\"https:\/\/www.maison-alaena.com\/en\/tea-room\/#breadcrumb\"},\"inLanguage\":\"en-US\",\"potentialAction\":[{\"@type\":\"ReadAction\",\"target\":[\"https:\/\/www.maison-alaena.com\/en\/tea-room\/\"]}]},{\"@type\":\"BreadcrumbList\",\"@id\":\"https:\/\/www.maison-alaena.com\/en\/tea-room\/#breadcrumb\",\"itemListElement\":[{\"@type\":\"ListItem\",\"position\":1,\"name\":\"Home\",\"item\":\"https:\/\/www.maison-alaena.com\/en\/\"},{\"@type\":\"ListItem\",\"position\":2,\"name\":\"Tea room\"}]}]}<\/script>\n<!-- \/ Yoast SEO plugin. -->","yoast_head_json":{"title":"Maison Alaena | Salon de th\u00e9 \u00e0 Paris | Bio & Sain","description":"Un salon de th\u00e9 sur un rooftop ensoleill\u00e9. Une cuisine bio, saine et gourmande. Id\u00e9al pour un gouter \u00e0 Paris. Caf\u00e9, patisserie, plats sal\u00e9s, latte ou jus aux supers aliments.","robots":{"index":"index","follow":"follow","max-snippet":"max-snippet:-1","max-image-preview":"max-image-preview:large","max-video-preview":"max-video-preview:-1"},"canonical":"https:\/\/www.maison-alaena.com\/en\/tea-room\/","og_locale":"en_US","og_type":"article","og_title":"Maison Alaena | Salon de th\u00e9 \u00e0 Paris | Bio & Sain","og_description":"Un salon de th\u00e9 sur un rooftop ensoleill\u00e9. Une cuisine bio, saine et gourmande. Id\u00e9al pour un gouter \u00e0 Paris. Caf\u00e9, patisserie, plats sal\u00e9s, latte ou jus aux supers aliments.","og_url":"https:\/\/www.maison-alaena.com\/en\/tea-room\/","og_site_name":"Spa Alaena Paris","article_modified_time":"2025-07-01T13:08:20+00:00","twitter_card":"summary_large_image","schema":{"@context":"https:\/\/schema.org","@graph":[{"@type":"WebSite","@id":"https:\/\/www.maison-alaena.com\/en\/#website","url":"https:\/\/www.maison-alaena.com\/en\/","name":"Spa Alaena Paris","description":"","potentialAction":[{"@type":"SearchAction","target":{"@type":"EntryPoint","urlTemplate":"https:\/\/www.maison-alaena.com\/en\/?s={search_term_string}"},"query-input":"required name=search_term_string"}],"inLanguage":"en-US"},{"@type":"WebPage","@id":"https:\/\/www.maison-alaena.com\/en\/tea-room\/#webpage","url":"https:\/\/www.maison-alaena.com\/en\/tea-room\/","name":"Maison Alaena | Salon de th\u00e9 \u00e0 Paris | Bio & Sain","isPartOf":{"@id":"https:\/\/www.maison-alaena.com\/en\/#website"},"datePublished":"2021-05-25T08:05:52+00:00","dateModified":"2025-07-01T13:08:20+00:00","description":"Un salon de th\u00e9 sur un rooftop ensoleill\u00e9. Une cuisine bio, saine et gourmande. Id\u00e9al pour un gouter \u00e0 Paris. Caf\u00e9, patisserie, plats sal\u00e9s, latte ou jus aux supers aliments.","breadcrumb":{"@id":"https:\/\/www.maison-alaena.com\/en\/tea-room\/#breadcrumb"},"inLanguage":"en-US","potentialAction":[{"@type":"ReadAction","target":["https:\/\/www.maison-alaena.com\/en\/tea-room\/"]}]},{"@type":"BreadcrumbList","@id":"https:\/\/www.maison-alaena.com\/en\/tea-room\/#breadcrumb","itemListElement":[{"@type":"ListItem","position":1,"name":"Home","item":"https:\/\/www.maison-alaena.com\/en\/"},{"@type":"ListItem","position":2,"name":"Tea room"}]}]}},"_links":{"self":[{"href":"https:\/\/www.maison-alaena.com\/en\/wp-json\/wp\/v2\/pages\/913","targetHints":{"allow":["GET"]}}],"collection":[{"href":"https:\/\/www.maison-alaena.com\/en\/wp-json\/wp\/v2\/pages"}],"about":[{"href":"https:\/\/www.maison-alaena.com\/en\/wp-json\/wp\/v2\/types\/page"}],"author":[{"embeddable":true,"href":"https:\/\/www.maison-alaena.com\/en\/wp-json\/wp\/v2\/users\/1"}],"replies":[{"embeddable":true,"href":"https:\/\/www.maison-alaena.com\/en\/wp-json\/wp\/v2\/comments?post=913"}],"version-history":[{"count":5,"href":"https:\/\/www.maison-alaena.com\/en\/wp-json\/wp\/v2\/pages\/913\/revisions"}],"predecessor-version":[{"id":2749,"href":"https:\/\/www.maison-alaena.com\/en\/wp-json\/wp\/v2\/pages\/913\/revisions\/2749"}],"wp:attachment":[{"href":"https:\/\/www.maison-alaena.com\/en\/wp-json\/wp\/v2\/media?parent=913"}],"curies":[{"name":"wp","href":"https:\/\/api.w.org\/{rel}","templated":true}]}}