{"id":935,"date":"2021-05-26T10:38:54","date_gmt":"2021-05-26T08:38:54","guid":{"rendered":"https:\/\/beta.maison-alaena.com\/book\/skin-treatment\/"},"modified":"2022-10-14T18:12:19","modified_gmt":"2022-10-14T16:12:19","slug":"skin-treatment","status":"publish","type":"page","link":"https:\/\/www.maison-alaena.com\/en\/reserver-soin-paris\/skin-treatment\/","title":{"rendered":"Treatments"},"content":{"rendered":"<p>[vc_row css=&#8221;.vc_custom_1614068669698{margin-top: 60px !important;padding-top: 60px !important;padding-bottom: 60px !important;}&#8221;][vc_column][vc_column_text]<\/p>\n<h1 style=\"text-align: center;\">Face &amp; body treatments designed by experts<\/h1>\n<p>[\/vc_column_text][vc_column_text]<\/p>\n<p style=\"text-align: center;\">Inspired by oriental and asian cultures, the Spa offers a variety of massages and treatments with regenerating and soothing virtues according to your needs.<\/p>\n<p style=\"text-align: center;\">The Alaena protocols help relieve the body and mind of all tensions and energy blockages for a rekindled glow and a soothed face.<\/p>\n<p style=\"text-align: center;\">Each treatment begins with a diagnosis allowing the therapist to better understand your needs and problems and to provide an ultra-personalised skin treatment.<\/p>\n<p style=\"text-align: center;\">The sensoriality of Alaena&#8217;s organic products is combined with the agility of the therapists to offer an ultimate experience of relaxation.<\/p>\n<p>[\/vc_column_text][\/vc_column][\/vc_row][vc_row equal_height=&#8221;yes&#8221; content_placement=&#8221;middle&#8221; css_animation=&#8221;fadeIn&#8221; css=&#8221;.vc_custom_1614614600988{padding-top: 60px !important;padding-bottom: 60px !important;}&#8221;][vc_column width=&#8221;1\/2&#8243;][vc_single_image image=&#8221;698&#8243; img_size=&#8221;large&#8221; alignment=&#8221;center&#8221;][\/vc_column][vc_column width=&#8221;1\/2&#8243; css=&#8221;.vc_custom_1614614341932{padding-right: 20px !important;padding-left: 20px !important;}&#8221; offset=&#8221;vc_col-lg-offset-1 vc_col-lg-5&#8243;][vc_column_text]<\/p>\n<h2 style=\"text-align: center;\">Facial treatments<\/h2>\n<p>[\/vc_column_text][vc_column_text]<\/p>\n<p style=\"text-align: center;\">We offer you a wide range of facial treatments<br \/>\nwith moisturising, purifying or anti-ageing virtues, according to your wishes.[\/vc_column_text][vc_column_text el_class=&#8221;bloc-titre-lien&#8221;]<\/p>\n<p style=\"text-align: center;\"><a href=\"https:\/\/www.maison-alaena.com\/en\/book\/skin-treatment\/face-treatments\/\" rel=\"noopener\">Discover<\/a><\/p>\n<p>[\/vc_column_text][\/vc_column][\/vc_row][vc_row equal_height=&#8221;yes&#8221; content_placement=&#8221;middle&#8221; css_animation=&#8221;fadeIn&#8221; css=&#8221;.vc_custom_1614614607972{padding-top: 60px !important;padding-bottom: 60px !important;}&#8221; el_class=&#8221;invert-sm-order&#8221;][vc_column width=&#8221;1\/2&#8243; css=&#8221;.vc_custom_1614614466797{padding-right: 20px !important;padding-left: 20px !important;}&#8221; offset=&#8221;vc_col-lg-5&#8243;][vc_column_text]<\/p>\n<h2 style=\"text-align: center;\">Massages<\/h2>\n<p>[\/vc_column_text][vc_column_text]<\/p>\n<p style=\"text-align: center;\">Inspired by oriental and Asian cultures,<br \/>\nThe Spa Alaena offers you a variety of massages,<br \/>\ntreatments with regenerating and soothing virtues according to your needs.<br \/>\nThe sensoriality of Alaena&#8217;s organic products is combined with the agility of the practitioners to offer you a real moment of relaxation.[\/vc_column_text][vc_column_text el_class=&#8221;bloc-titre-lien&#8221;]<\/p>\n<p style=\"text-align: center;\"><a href=\"https:\/\/www.maison-alaena.com\/en\/book\/skin-treatment\/massages\/\" rel=\"noopener\">Discover<\/a><\/p>\n<p>[\/vc_column_text][\/vc_column][vc_column width=&#8221;1\/2&#8243; offset=&#8221;vc_col-lg-offset-1 vc_col-lg-6&#8243;][vc_single_image image=&#8221;700&#8243; img_size=&#8221;large&#8221; alignment=&#8221;center&#8221;][\/vc_column][\/vc_row][vc_row equal_height=&#8221;yes&#8221; content_placement=&#8221;middle&#8221; css_animation=&#8221;fadeIn&#8221; css=&#8221;.vc_custom_1614614616303{padding-top: 60px !important;padding-bottom: 60px !important;}&#8221;][vc_column width=&#8221;1\/2&#8243;][vc_single_image image=&#8221;764&#8243; img_size=&#8221;large&#8221; alignment=&#8221;center&#8221;][\/vc_column][vc_column width=&#8221;1\/2&#8243; css=&#8221;.vc_custom_1614614535631{padding-right: 20px !important;padding-left: 20px !important;}&#8221; offset=&#8221;vc_col-lg-offset-1 vc_col-lg-5&#8243;][vc_column_text]<\/p>\n<h2 style=\"text-align: center;\">For mothers<\/h2>\n<p>[\/vc_column_text][vc_column_text]<\/p>\n<p style=\"text-align: center;\">Pregnancy is a wonderful stage in a woman&#8217;s life, but it is not always an easy time.<br \/>\nTo tame your body in full upheaval, to relieve the specific pains of pregnancy or to allow yourself a break where you only think about yourself and your future baby&#8230;[\/vc_column_text][vc_column_text el_class=&#8221;bloc-titre-lien&#8221;]<\/p>\n<p style=\"text-align: center;\"><a href=\"https:\/\/www.maison-alaena.com\/en\/book\/skin-treatment\/mum-to-be\/\" target=\"_blank\" rel=\"noopener\">Discover<\/a><\/p>\n<p>[\/vc_column_text][\/vc_column][\/vc_row][vc_row equal_height=&#8221;yes&#8221; content_placement=&#8221;middle&#8221; css_animation=&#8221;fadeIn&#8221; css=&#8221;.vc_custom_1614614622928{padding-top: 60px !important;padding-bottom: 60px !important;}&#8221; el_class=&#8221;invert-sm-order&#8221;][vc_column width=&#8221;1\/2&#8243; css=&#8221;.vc_custom_1614614542306{padding-right: 20px !important;padding-left: 20px !important;}&#8221; offset=&#8221;vc_col-lg-5&#8243;][vc_column_text]<\/p>\n<h2 style=\"text-align: center;\">The Hammam<\/h2>\n<p>[\/vc_column_text][vc_column_text]<\/p>\n<p style=\"text-align: center;\">An oriental ritual, the hammam invites you to relax your body and mind.<br \/>\nIn addition to its purifying function, it is a privileged moment<br \/>\nto soothe muscular tension, calm the nervous system and clear the respiratory<br \/>\nthe respiratory tract. Ideal prelude to body care and exfoliation<br \/>\nfor a soft and sublimated skin.[\/vc_column_text][vc_column_text el_class=&#8221;bloc-titre-lien&#8221;]<\/p>\n<p style=\"text-align: center;\"><a href=\"https:\/\/www.maison-alaena.com\/en\/book\/skin-treatment\/hammam\/\" rel=\"noopener\">Discover<\/a><\/p>\n<p>[\/vc_column_text][\/vc_column][vc_column width=&#8221;1\/2&#8243; offset=&#8221;vc_col-lg-offset-1&#8243;][vc_single_image image=&#8221;762&#8243; img_size=&#8221;large&#8221; alignment=&#8221;center&#8221;][\/vc_column][\/vc_row]<\/p>\n","protected":false},"excerpt":{"rendered":"<p>[vc_row css=&#8221;.vc_custom_1614068669698{margin-top: 60px !important;padding-top: 60px !important;padding-bottom: 60px !important;}&#8221;][vc_column][vc_column_text] Face &amp; body treatments designed by experts [\/vc_column_text][vc_column_text] Inspired by oriental and asian cultures, the Spa offers a variety of massages and [&hellip;]<\/p>\n","protected":false},"author":1,"featured_media":0,"parent":923,"menu_order":0,"comment_status":"closed","ping_status":"closed","template":"","meta":{"footnotes":""},"class_list":["post-935","page","type-page","status-publish","hentry"],"yoast_head":"<!-- This site is optimized with the Yoast SEO plugin v19.1 - https:\/\/yoast.com\/wordpress\/plugins\/seo\/ -->\n<title>Maison Alaena | R\u00e9server un soin visage &amp; massage | Paris<\/title>\n<meta name=\"description\" content=\"R\u00e9server un instant de bien-\u00eatre ultime : soins visage et corps, sur-mesure et biologiques, inspir\u00e9s du Tuina et du Kobido. Anti-\u00e2ge, deep tissue, detox, japonais, \u00e9nerg\u00e9tique\" \/>\n<meta name=\"robots\" content=\"index, follow, max-snippet:-1, max-image-preview:large, max-video-preview:-1\" \/>\n<link rel=\"canonical\" href=\"https:\/\/www.maison-alaena.com\/en\/reserver-soin-paris\/skin-treatment\/\" \/>\n<meta property=\"og:locale\" content=\"en_US\" \/>\n<meta property=\"og:type\" content=\"article\" \/>\n<meta property=\"og:title\" content=\"Maison Alaena | R\u00e9server un soin visage &amp; massage | Paris\" \/>\n<meta property=\"og:description\" content=\"R\u00e9server un instant de bien-\u00eatre ultime : soins visage et corps, sur-mesure et biologiques, inspir\u00e9s du Tuina et du Kobido. Anti-\u00e2ge, deep tissue, detox, japonais, \u00e9nerg\u00e9tique\" \/>\n<meta property=\"og:url\" content=\"https:\/\/www.maison-alaena.com\/en\/reserver-soin-paris\/skin-treatment\/\" \/>\n<meta property=\"og:site_name\" content=\"Spa Alaena Paris\" \/>\n<meta property=\"article:modified_time\" content=\"2022-10-14T16:12:19+00:00\" \/>\n<meta name=\"twitter:card\" content=\"summary_large_image\" \/>\n<meta name=\"twitter:label1\" content=\"Est. reading time\" \/>\n\t<meta name=\"twitter:data1\" content=\"2 minutes\" \/>\n<script type=\"application\/ld+json\" class=\"yoast-schema-graph\">{\"@context\":\"https:\/\/schema.org\",\"@graph\":[{\"@type\":\"WebSite\",\"@id\":\"https:\/\/www.maison-alaena.com\/en\/#website\",\"url\":\"https:\/\/www.maison-alaena.com\/en\/\",\"name\":\"Spa Alaena Paris\",\"description\":\"\",\"potentialAction\":[{\"@type\":\"SearchAction\",\"target\":{\"@type\":\"EntryPoint\",\"urlTemplate\":\"https:\/\/www.maison-alaena.com\/en\/?s={search_term_string}\"},\"query-input\":\"required name=search_term_string\"}],\"inLanguage\":\"en-US\"},{\"@type\":\"WebPage\",\"@id\":\"https:\/\/www.maison-alaena.com\/en\/reserver-soin-paris\/skin-treatment\/#webpage\",\"url\":\"https:\/\/www.maison-alaena.com\/en\/reserver-soin-paris\/skin-treatment\/\",\"name\":\"Maison Alaena | R\u00e9server un soin visage & massage | Paris\",\"isPartOf\":{\"@id\":\"https:\/\/www.maison-alaena.com\/en\/#website\"},\"datePublished\":\"2021-05-26T08:38:54+00:00\",\"dateModified\":\"2022-10-14T16:12:19+00:00\",\"description\":\"R\u00e9server un instant de bien-\u00eatre ultime : soins visage et corps, sur-mesure et biologiques, inspir\u00e9s du Tuina et du Kobido. Anti-\u00e2ge, deep tissue, detox, japonais, \u00e9nerg\u00e9tique\",\"breadcrumb\":{\"@id\":\"https:\/\/www.maison-alaena.com\/en\/reserver-soin-paris\/skin-treatment\/#breadcrumb\"},\"inLanguage\":\"en-US\",\"potentialAction\":[{\"@type\":\"ReadAction\",\"target\":[\"https:\/\/www.maison-alaena.com\/en\/reserver-soin-paris\/skin-treatment\/\"]}]},{\"@type\":\"BreadcrumbList\",\"@id\":\"https:\/\/www.maison-alaena.com\/en\/reserver-soin-paris\/skin-treatment\/#breadcrumb\",\"itemListElement\":[{\"@type\":\"ListItem\",\"position\":1,\"name\":\"Home\",\"item\":\"https:\/\/www.maison-alaena.com\/en\/\"},{\"@type\":\"ListItem\",\"position\":2,\"name\":\"R\u00e9server\",\"item\":\"https:\/\/www.maison-alaena.com\/en\/reserver-soin-paris\/\"},{\"@type\":\"ListItem\",\"position\":3,\"name\":\"Treatments\"}]}]}<\/script>\n<!-- \/ Yoast SEO plugin. -->","yoast_head_json":{"title":"Maison Alaena | R\u00e9server un soin visage & massage | Paris","description":"R\u00e9server un instant de bien-\u00eatre ultime : soins visage et corps, sur-mesure et biologiques, inspir\u00e9s du Tuina et du Kobido. Anti-\u00e2ge, deep tissue, detox, japonais, \u00e9nerg\u00e9tique","robots":{"index":"index","follow":"follow","max-snippet":"max-snippet:-1","max-image-preview":"max-image-preview:large","max-video-preview":"max-video-preview:-1"},"canonical":"https:\/\/www.maison-alaena.com\/en\/reserver-soin-paris\/skin-treatment\/","og_locale":"en_US","og_type":"article","og_title":"Maison Alaena | R\u00e9server un soin visage & massage | Paris","og_description":"R\u00e9server un instant de bien-\u00eatre ultime : soins visage et corps, sur-mesure et biologiques, inspir\u00e9s du Tuina et du Kobido. Anti-\u00e2ge, deep tissue, detox, japonais, \u00e9nerg\u00e9tique","og_url":"https:\/\/www.maison-alaena.com\/en\/reserver-soin-paris\/skin-treatment\/","og_site_name":"Spa Alaena Paris","article_modified_time":"2022-10-14T16:12:19+00:00","twitter_card":"summary_large_image","twitter_misc":{"Est. reading time":"2 minutes"},"schema":{"@context":"https:\/\/schema.org","@graph":[{"@type":"WebSite","@id":"https:\/\/www.maison-alaena.com\/en\/#website","url":"https:\/\/www.maison-alaena.com\/en\/","name":"Spa Alaena Paris","description":"","potentialAction":[{"@type":"SearchAction","target":{"@type":"EntryPoint","urlTemplate":"https:\/\/www.maison-alaena.com\/en\/?s={search_term_string}"},"query-input":"required name=search_term_string"}],"inLanguage":"en-US"},{"@type":"WebPage","@id":"https:\/\/www.maison-alaena.com\/en\/reserver-soin-paris\/skin-treatment\/#webpage","url":"https:\/\/www.maison-alaena.com\/en\/reserver-soin-paris\/skin-treatment\/","name":"Maison Alaena | R\u00e9server un soin visage & massage | Paris","isPartOf":{"@id":"https:\/\/www.maison-alaena.com\/en\/#website"},"datePublished":"2021-05-26T08:38:54+00:00","dateModified":"2022-10-14T16:12:19+00:00","description":"R\u00e9server un instant de bien-\u00eatre ultime : soins visage et corps, sur-mesure et biologiques, inspir\u00e9s du Tuina et du Kobido. Anti-\u00e2ge, deep tissue, detox, japonais, \u00e9nerg\u00e9tique","breadcrumb":{"@id":"https:\/\/www.maison-alaena.com\/en\/reserver-soin-paris\/skin-treatment\/#breadcrumb"},"inLanguage":"en-US","potentialAction":[{"@type":"ReadAction","target":["https:\/\/www.maison-alaena.com\/en\/reserver-soin-paris\/skin-treatment\/"]}]},{"@type":"BreadcrumbList","@id":"https:\/\/www.maison-alaena.com\/en\/reserver-soin-paris\/skin-treatment\/#breadcrumb","itemListElement":[{"@type":"ListItem","position":1,"name":"Home","item":"https:\/\/www.maison-alaena.com\/en\/"},{"@type":"ListItem","position":2,"name":"R\u00e9server","item":"https:\/\/www.maison-alaena.com\/en\/reserver-soin-paris\/"},{"@type":"ListItem","position":3,"name":"Treatments"}]}]}},"_links":{"self":[{"href":"https:\/\/www.maison-alaena.com\/en\/wp-json\/wp\/v2\/pages\/935","targetHints":{"allow":["GET"]}}],"collection":[{"href":"https:\/\/www.maison-alaena.com\/en\/wp-json\/wp\/v2\/pages"}],"about":[{"href":"https:\/\/www.maison-alaena.com\/en\/wp-json\/wp\/v2\/types\/page"}],"author":[{"embeddable":true,"href":"https:\/\/www.maison-alaena.com\/en\/wp-json\/wp\/v2\/users\/1"}],"replies":[{"embeddable":true,"href":"https:\/\/www.maison-alaena.com\/en\/wp-json\/wp\/v2\/comments?post=935"}],"version-history":[{"count":6,"href":"https:\/\/www.maison-alaena.com\/en\/wp-json\/wp\/v2\/pages\/935\/revisions"}],"predecessor-version":[{"id":1679,"href":"https:\/\/www.maison-alaena.com\/en\/wp-json\/wp\/v2\/pages\/935\/revisions\/1679"}],"up":[{"embeddable":true,"href":"https:\/\/www.maison-alaena.com\/en\/wp-json\/wp\/v2\/pages\/923"}],"wp:attachment":[{"href":"https:\/\/www.maison-alaena.com\/en\/wp-json\/wp\/v2\/media?parent=935"}],"curies":[{"name":"wp","href":"https:\/\/api.w.org\/{rel}","templated":true}]}}