{"id":950,"date":"2021-05-26T11:03:34","date_gmt":"2021-05-26T09:03:34","guid":{"rendered":"https:\/\/beta.maison-alaena.com\/book\/yoga\/"},"modified":"2024-05-29T16:23:29","modified_gmt":"2024-05-29T14:23:29","slug":"yoga","status":"publish","type":"page","link":"https:\/\/www.maison-alaena.com\/en\/reserver-soin-paris\/yoga\/","title":{"rendered":"Yoga classes"},"content":{"rendered":"<p>[vc_row css_animation=&#8221;fadeIn&#8221; el_class=&#8221;item-soin&#8221; css=&#8221;.vc_custom_1621589536207{margin-top: 80px !important;}&#8221;][vc_column][vc_column_text]<\/p>\n<h2 style=\"text-align: center;\">Sun Salutation<\/h2>\n<p>[\/vc_column_text][vc_column_text]<\/p>\n<p style=\"text-align: center;\">To start your day well or to release accumulated tension in the evening, join us at La Maison Alaena for a yoga class facing the horizon.<\/p>\n<p style=\"text-align: center;\">Each class is limited to 6 students to adapt the practice according to the needs and specificities of each attendee and to ensure correct positions while working on strength, balance and flexibility.<br \/>\nThis format allows both beginners to discover yoga and the more experienced to go further in their practice.<\/p>\n<p style=\"text-align: center;\">Yin yoga, vinyasa or fertility yoga, choose the yoga adapted to your needs.<\/p>\n<p>[\/vc_column_text][vc_column_text el_class=&#8221;item-soin-prix&#8221; css=&#8221;.vc_custom_1716992596926{margin-top: 30px !important;}&#8221;]<\/p>\n<p style=\"text-align: center;\"><strong>Drop-in &#8211; 30\u20ac<br \/>\nStudent drop-in &#8211; 25 \u20ac<br \/>\n10 class pack &#8211; 240 \u20ac<\/strong><\/p>\n<p style=\"text-align: center;\"><strong>One-month Unlimited Yoga &amp; Hammam &#8211; 300 \u20ac<\/strong><\/p>\n<p>[\/vc_column_text][vc_column_text el_class=&#8221;bloc-titre-lien&#8221;]<\/p>\n<p style=\"text-align: center;\">\n<p>[\/vc_column_text][\/vc_column][\/vc_row][vc_row css=&#8221;.vc_custom_1621592297748{margin-top: 90px !important;}&#8221;][vc_column][vc_column_text css=&#8221;.vc_custom_1621603909096{margin-top: 40px !important;margin-bottom: 40px !important;}&#8221;]<\/p>\n<p style=\"text-align: center;\">Timetable<\/p>\n<p>[\/vc_column_text][vc_column_text css=&#8221;.vc_custom_1621592164496{margin-top: 30px !important;margin-bottom: 30px !important;}&#8221;]<\/p>\n<p style=\"text-align: center;\"><strong>Usual planning<\/strong><\/p>\n<p>[\/vc_column_text][\/vc_column][\/vc_row][vc_row][vc_column width=&#8221;1\/3&#8243; offset=&#8221;vc_col-lg-2&#8243; css=&#8221;.vc_custom_1621592254656{margin-bottom: 20px !important;}&#8221;][vc_column_text]<\/p>\n<p style=\"text-align: center;\"><strong>Tuesday<\/strong><br \/>\n7h45-8h45<br \/>\n18h15-19h15<br \/>\n19h15-20h15[\/vc_column_text][\/vc_column][vc_column width=&#8221;1\/3&#8243; offset=&#8221;vc_col-lg-2&#8243; css=&#8221;.vc_custom_1621592259071{margin-bottom: 20px !important;}&#8221;][vc_column_text]<\/p>\n<p style=\"text-align: center;\"><strong>Wednesday<\/strong><br \/>\n7h45-8h45<br \/>\n19h15-18h15[\/vc_column_text][\/vc_column][vc_column width=&#8221;1\/3&#8243; offset=&#8221;vc_col-lg-2&#8243; css=&#8221;.vc_custom_1621592263111{margin-bottom: 20px !important;}&#8221;][vc_column_text]<\/p>\n<p style=\"text-align: center;\"><strong>Thursday<\/strong><br \/>\n7h45-8h45<br \/>\n8h45-9h45<br \/>\n20h15-21h15[\/vc_column_text][\/vc_column][vc_column width=&#8221;1\/3&#8243; offset=&#8221;vc_col-lg-2&#8243; css=&#8221;.vc_custom_1621592267463{margin-bottom: 20px !important;}&#8221;][vc_column_text]<\/p>\n<p style=\"text-align: center;\"><strong>Friday<\/strong><br \/>\n7h45-8h45<br \/>\n19h15-18h15[\/vc_column_text][\/vc_column][vc_column width=&#8221;1\/3&#8243; offset=&#8221;vc_col-lg-2&#8243; css=&#8221;.vc_custom_1621592271471{margin-bottom: 20px !important;}&#8221;][vc_column_text]<\/p>\n<p style=\"text-align: center;\"><strong>Saturday<\/strong><br \/>\n9h-10h<br \/>\n19h15-20h15[\/vc_column_text][\/vc_column][vc_column width=&#8221;1\/3&#8243; offset=&#8221;vc_col-lg-2&#8243; css=&#8221;.vc_custom_1621592275414{margin-bottom: 20px !important;}&#8221;][vc_column_text]<\/p>\n<p style=\"text-align: center;\"><strong>Sunday<\/strong><br \/>\n9h-10h<br \/>\n18h15-19h15[\/vc_column_text][\/vc_column][\/vc_row][vc_row css=&#8221;.vc_custom_1621592416400{margin-top: 60px !important;}&#8221;][vc_column][vc_column_text el_class=&#8221;bloc-titre-lien&#8221;]<\/p>\n<p style=\"text-align: center;\"><a href=\"https:\/\/maisonalaena.simplybook.it\/v2\/#book\/category\/2\/count\/1\/\" target=\"_blank\" rel=\"noopener\">Book<\/a><\/p>\n<p>[\/vc_column_text][vc_column_text css=&#8221;.vc_custom_1621592452383{margin-top: 30px !important;}&#8221;]<\/p>\n<p style=\"text-align: center;\"><em>Yoga mats and blocks are provided.<br \/>\nTowels and showers are available. <\/em>[\/vc_column_text][\/vc_column][\/vc_row]<\/p>\n","protected":false},"excerpt":{"rendered":"<p>[vc_row css_animation=&#8221;fadeIn&#8221; el_class=&#8221;item-soin&#8221; css=&#8221;.vc_custom_1621589536207{margin-top: 80px !important;}&#8221;][vc_column][vc_column_text] Sun Salutation [\/vc_column_text][vc_column_text] To start your day well or to release accumulated tension in the evening, join us at La Maison Alaena for a [&hellip;]<\/p>\n","protected":false},"author":1,"featured_media":1465,"parent":923,"menu_order":0,"comment_status":"closed","ping_status":"closed","template":"","meta":{"footnotes":""},"class_list":["post-950","page","type-page","status-publish","has-post-thumbnail","hentry"],"yoast_head":"<!-- This site is optimized with the Yoast SEO plugin v19.1 - https:\/\/yoast.com\/wordpress\/plugins\/seo\/ -->\n<title>Maison Alaena | R\u00e9server un cours de yoga \u00e0 Paris<\/title>\n<meta name=\"description\" content=\"R\u00e9server un cours de yoga \u00e0 Paris. Vynyasa, Yin, Fertility. Des professeurs exp\u00e9riment\u00e9s. Des cours en petit comit\u00e9 sur les toits de Paris. Hammam &amp; coffee shop bio.\" \/>\n<meta name=\"robots\" content=\"index, follow, max-snippet:-1, max-image-preview:large, max-video-preview:-1\" \/>\n<link rel=\"canonical\" href=\"https:\/\/www.maison-alaena.com\/en\/reserver-soin-paris\/yoga\/\" \/>\n<meta property=\"og:locale\" content=\"en_US\" \/>\n<meta property=\"og:type\" content=\"article\" \/>\n<meta property=\"og:title\" content=\"Maison Alaena | R\u00e9server un cours de yoga \u00e0 Paris\" \/>\n<meta property=\"og:description\" content=\"R\u00e9server un cours de yoga \u00e0 Paris. Vynyasa, Yin, Fertility. Des professeurs exp\u00e9riment\u00e9s. Des cours en petit comit\u00e9 sur les toits de Paris. Hammam &amp; coffee shop bio.\" \/>\n<meta property=\"og:url\" content=\"https:\/\/www.maison-alaena.com\/en\/reserver-soin-paris\/yoga\/\" \/>\n<meta property=\"og:site_name\" content=\"Spa Alaena Paris\" \/>\n<meta property=\"article:modified_time\" content=\"2024-05-29T14:23:29+00:00\" \/>\n<meta property=\"og:image\" content=\"https:\/\/www.maison-alaena.com\/wp-content\/uploads\/2021\/05\/3.jpg\" \/>\n\t<meta property=\"og:image:width\" content=\"865\" \/>\n\t<meta property=\"og:image:height\" content=\"1298\" \/>\n\t<meta property=\"og:image:type\" content=\"image\/jpeg\" \/>\n<meta name=\"twitter:card\" content=\"summary_large_image\" \/>\n<meta name=\"twitter:label1\" content=\"Est. reading time\" \/>\n\t<meta name=\"twitter:data1\" content=\"2 minutes\" \/>\n<script type=\"application\/ld+json\" class=\"yoast-schema-graph\">{\"@context\":\"https:\/\/schema.org\",\"@graph\":[{\"@type\":\"WebSite\",\"@id\":\"https:\/\/www.maison-alaena.com\/en\/#website\",\"url\":\"https:\/\/www.maison-alaena.com\/en\/\",\"name\":\"Spa Alaena Paris\",\"description\":\"\",\"potentialAction\":[{\"@type\":\"SearchAction\",\"target\":{\"@type\":\"EntryPoint\",\"urlTemplate\":\"https:\/\/www.maison-alaena.com\/en\/?s={search_term_string}\"},\"query-input\":\"required name=search_term_string\"}],\"inLanguage\":\"en-US\"},{\"@type\":\"ImageObject\",\"inLanguage\":\"en-US\",\"@id\":\"https:\/\/www.maison-alaena.com\/en\/reserver-soin-paris\/yoga\/#primaryimage\",\"url\":\"https:\/\/www.maison-alaena.com\/wp-content\/uploads\/2022\/02\/37opkJ7M-scaled.jpeg\",\"contentUrl\":\"https:\/\/www.maison-alaena.com\/wp-content\/uploads\/2022\/02\/37opkJ7M-scaled.jpeg\",\"width\":1707,\"height\":2560},{\"@type\":\"WebPage\",\"@id\":\"https:\/\/www.maison-alaena.com\/en\/reserver-soin-paris\/yoga\/#webpage\",\"url\":\"https:\/\/www.maison-alaena.com\/en\/reserver-soin-paris\/yoga\/\",\"name\":\"Maison Alaena | R\u00e9server un cours de yoga \u00e0 Paris\",\"isPartOf\":{\"@id\":\"https:\/\/www.maison-alaena.com\/en\/#website\"},\"primaryImageOfPage\":{\"@id\":\"https:\/\/www.maison-alaena.com\/en\/reserver-soin-paris\/yoga\/#primaryimage\"},\"datePublished\":\"2021-05-26T09:03:34+00:00\",\"dateModified\":\"2024-05-29T14:23:29+00:00\",\"description\":\"R\u00e9server un cours de yoga \u00e0 Paris. Vynyasa, Yin, Fertility. Des professeurs exp\u00e9riment\u00e9s. Des cours en petit comit\u00e9 sur les toits de Paris. Hammam & coffee shop bio.\",\"breadcrumb\":{\"@id\":\"https:\/\/www.maison-alaena.com\/en\/reserver-soin-paris\/yoga\/#breadcrumb\"},\"inLanguage\":\"en-US\",\"potentialAction\":[{\"@type\":\"ReadAction\",\"target\":[\"https:\/\/www.maison-alaena.com\/en\/reserver-soin-paris\/yoga\/\"]}]},{\"@type\":\"BreadcrumbList\",\"@id\":\"https:\/\/www.maison-alaena.com\/en\/reserver-soin-paris\/yoga\/#breadcrumb\",\"itemListElement\":[{\"@type\":\"ListItem\",\"position\":1,\"name\":\"Home\",\"item\":\"https:\/\/www.maison-alaena.com\/en\/\"},{\"@type\":\"ListItem\",\"position\":2,\"name\":\"R\u00e9server\",\"item\":\"https:\/\/www.maison-alaena.com\/en\/reserver-soin-paris\/\"},{\"@type\":\"ListItem\",\"position\":3,\"name\":\"Yoga classes\"}]}]}<\/script>\n<!-- \/ Yoast SEO plugin. -->","yoast_head_json":{"title":"Maison Alaena | R\u00e9server un cours de yoga \u00e0 Paris","description":"R\u00e9server un cours de yoga \u00e0 Paris. Vynyasa, Yin, Fertility. Des professeurs exp\u00e9riment\u00e9s. Des cours en petit comit\u00e9 sur les toits de Paris. Hammam & coffee shop bio.","robots":{"index":"index","follow":"follow","max-snippet":"max-snippet:-1","max-image-preview":"max-image-preview:large","max-video-preview":"max-video-preview:-1"},"canonical":"https:\/\/www.maison-alaena.com\/en\/reserver-soin-paris\/yoga\/","og_locale":"en_US","og_type":"article","og_title":"Maison Alaena | R\u00e9server un cours de yoga \u00e0 Paris","og_description":"R\u00e9server un cours de yoga \u00e0 Paris. Vynyasa, Yin, Fertility. Des professeurs exp\u00e9riment\u00e9s. Des cours en petit comit\u00e9 sur les toits de Paris. Hammam & coffee shop bio.","og_url":"https:\/\/www.maison-alaena.com\/en\/reserver-soin-paris\/yoga\/","og_site_name":"Spa Alaena Paris","article_modified_time":"2024-05-29T14:23:29+00:00","og_image":[{"width":865,"height":1298,"url":"https:\/\/www.maison-alaena.com\/wp-content\/uploads\/2021\/05\/3.jpg","type":"image\/jpeg"}],"twitter_card":"summary_large_image","twitter_misc":{"Est. reading time":"2 minutes"},"schema":{"@context":"https:\/\/schema.org","@graph":[{"@type":"WebSite","@id":"https:\/\/www.maison-alaena.com\/en\/#website","url":"https:\/\/www.maison-alaena.com\/en\/","name":"Spa Alaena Paris","description":"","potentialAction":[{"@type":"SearchAction","target":{"@type":"EntryPoint","urlTemplate":"https:\/\/www.maison-alaena.com\/en\/?s={search_term_string}"},"query-input":"required name=search_term_string"}],"inLanguage":"en-US"},{"@type":"ImageObject","inLanguage":"en-US","@id":"https:\/\/www.maison-alaena.com\/en\/reserver-soin-paris\/yoga\/#primaryimage","url":"https:\/\/www.maison-alaena.com\/wp-content\/uploads\/2022\/02\/37opkJ7M-scaled.jpeg","contentUrl":"https:\/\/www.maison-alaena.com\/wp-content\/uploads\/2022\/02\/37opkJ7M-scaled.jpeg","width":1707,"height":2560},{"@type":"WebPage","@id":"https:\/\/www.maison-alaena.com\/en\/reserver-soin-paris\/yoga\/#webpage","url":"https:\/\/www.maison-alaena.com\/en\/reserver-soin-paris\/yoga\/","name":"Maison Alaena | R\u00e9server un cours de yoga \u00e0 Paris","isPartOf":{"@id":"https:\/\/www.maison-alaena.com\/en\/#website"},"primaryImageOfPage":{"@id":"https:\/\/www.maison-alaena.com\/en\/reserver-soin-paris\/yoga\/#primaryimage"},"datePublished":"2021-05-26T09:03:34+00:00","dateModified":"2024-05-29T14:23:29+00:00","description":"R\u00e9server un cours de yoga \u00e0 Paris. Vynyasa, Yin, Fertility. Des professeurs exp\u00e9riment\u00e9s. Des cours en petit comit\u00e9 sur les toits de Paris. Hammam & coffee shop bio.","breadcrumb":{"@id":"https:\/\/www.maison-alaena.com\/en\/reserver-soin-paris\/yoga\/#breadcrumb"},"inLanguage":"en-US","potentialAction":[{"@type":"ReadAction","target":["https:\/\/www.maison-alaena.com\/en\/reserver-soin-paris\/yoga\/"]}]},{"@type":"BreadcrumbList","@id":"https:\/\/www.maison-alaena.com\/en\/reserver-soin-paris\/yoga\/#breadcrumb","itemListElement":[{"@type":"ListItem","position":1,"name":"Home","item":"https:\/\/www.maison-alaena.com\/en\/"},{"@type":"ListItem","position":2,"name":"R\u00e9server","item":"https:\/\/www.maison-alaena.com\/en\/reserver-soin-paris\/"},{"@type":"ListItem","position":3,"name":"Yoga classes"}]}]}},"_links":{"self":[{"href":"https:\/\/www.maison-alaena.com\/en\/wp-json\/wp\/v2\/pages\/950","targetHints":{"allow":["GET"]}}],"collection":[{"href":"https:\/\/www.maison-alaena.com\/en\/wp-json\/wp\/v2\/pages"}],"about":[{"href":"https:\/\/www.maison-alaena.com\/en\/wp-json\/wp\/v2\/types\/page"}],"author":[{"embeddable":true,"href":"https:\/\/www.maison-alaena.com\/en\/wp-json\/wp\/v2\/users\/1"}],"replies":[{"embeddable":true,"href":"https:\/\/www.maison-alaena.com\/en\/wp-json\/wp\/v2\/comments?post=950"}],"version-history":[{"count":4,"href":"https:\/\/www.maison-alaena.com\/en\/wp-json\/wp\/v2\/pages\/950\/revisions"}],"predecessor-version":[{"id":2217,"href":"https:\/\/www.maison-alaena.com\/en\/wp-json\/wp\/v2\/pages\/950\/revisions\/2217"}],"up":[{"embeddable":true,"href":"https:\/\/www.maison-alaena.com\/en\/wp-json\/wp\/v2\/pages\/923"}],"wp:featuredmedia":[{"embeddable":true,"href":"https:\/\/www.maison-alaena.com\/en\/wp-json\/wp\/v2\/media\/1465"}],"wp:attachment":[{"href":"https:\/\/www.maison-alaena.com\/en\/wp-json\/wp\/v2\/media?parent=950"}],"curies":[{"name":"wp","href":"https:\/\/api.w.org\/{rel}","templated":true}]}}